{"id":1361,"date":"2024-10-10T02:13:43","date_gmt":"2024-10-10T02:13:43","guid":{"rendered":"https:\/\/alienozo.com\/?post_type=product&#038;p=1361"},"modified":"2025-07-19T19:11:07","modified_gmt":"2025-07-19T19:11:07","slug":"1000w-bafang-motor-aluminum-alloy-frame-electric-mountain-bike","status":"publish","type":"product","link":"https:\/\/alienozo.com\/fr\/produit\/1000w-bafang-motor-aluminum-alloy-frame-electric-mountain-bike\/","title":{"rendered":"V\u00e9lo de montagne \u00e9lectrique avec cadre en alliage d&#039;aluminium et moteur Bafang 1000 W"},"content":{"rendered":"<body><h6>Version standard des sp\u00e9cifications pour r\u00e9f\u00e9rence, OEM est disponible, contactez-nous pour plus de d\u00e9tails.<\/h6>\n<ul>\n<li>Cadre en alliage d&#039;aluminium<\/li>\n<li>Fourche avant \u00e0 suspension pneumatique 130 mm<\/li>\n<li>Guidon en alliage d&#039;aluminium UNO<\/li>\n<li>Moteur central Bafang M620 G510 48V 1000W<\/li>\n<li>Affichage du Bafang C18<\/li>\n<li>Batterie au lithium 17,5 Ah<\/li>\n<li>Chargeur Bafang EU\/US<\/li>\n<li>Frein \u00e0 disque hydraulique \u00e0 coupure de courant<\/li>\n<li>D\u00e9railleur LT 11S<\/li>\n<li>Cha\u00eene KMC X11<\/li>\n<li>Roues WTB 27,5\u2033<\/li>\n<li>Pneu Kenda 27,5\u2033<\/li>\n<li>Selle SR<\/li>\n<\/ul>\n<\/body>","protected":false},"excerpt":{"rendered":"<p>Standard Version of Specifications for Reference , OEM is Available , Contact for Details. Aluminum Alloy Frame Air Suspension Front Fork 130mm UNO Aluminum Alloy Handlebar Bafang M620 G510 48V 1000W Mid Motor Bafang C18 Display 17.5Ah Lithium Battery Bafang EU\/US charger Hydraulic disc power-cut brake LT 11S derailleur KMC X11 Chain WTB 27.5\u2033 Wheels [&hellip;]<\/p>\n","protected":false},"featured_media":1362,"comment_status":"open","ping_status":"closed","template":"","meta":{"om_disable_all_campaigns":false,"_surecart_dashboard_logo_width":"180px","_surecart_dashboard_show_logo":true,"_surecart_dashboard_navigation_orders":true,"_surecart_dashboard_navigation_invoices":true,"_surecart_dashboard_navigation_subscriptions":true,"_surecart_dashboard_navigation_downloads":true,"_surecart_dashboard_navigation_billing":true,"_surecart_dashboard_navigation_account":true,"site-sidebar-layout":"default","site-content-layout":"","ast-site-content-layout":"default","site-content-style":"default","site-sidebar-style":"default","ast-global-header-display":"","ast-banner-title-visibility":"","ast-main-header-display":"","ast-hfb-above-header-display":"","ast-hfb-below-header-display":"","ast-hfb-mobile-header-display":"","site-post-title":"","ast-breadcrumbs-content":"","ast-featured-img":"","footer-sml-layout":"","ast-disable-related-posts":"","theme-transparent-header-meta":"default","adv-header-id-meta":"","stick-header-meta":"","header-above-stick-meta":"","header-main-stick-meta":"","header-below-stick-meta":"","astra-migrate-meta-layouts":"set","ast-page-background-enabled":"default","ast-page-background-meta":{"desktop":{"background-color":"","background-image":"","background-repeat":"repeat","background-position":"center center","background-size":"auto","background-attachment":"scroll","background-type":"","background-media":"","overlay-type":"","overlay-color":"","overlay-opacity":"","overlay-gradient":""},"tablet":{"background-color":"","background-image":"","background-repeat":"repeat","background-position":"center center","background-size":"auto","background-attachment":"scroll","background-type":"","background-media":"","overlay-type":"","overlay-color":"","overlay-opacity":"","overlay-gradient":""},"mobile":{"background-color":"","background-image":"","background-repeat":"repeat","background-position":"center center","background-size":"auto","background-attachment":"scroll","background-type":"","background-media":"","overlay-type":"","overlay-color":"","overlay-opacity":"","overlay-gradient":""}},"ast-content-background-meta":{"desktop":{"background-color":"var(--ast-global-color-5)","background-image":"","background-repeat":"repeat","background-position":"center center","background-size":"auto","background-attachment":"scroll","background-type":"","background-media":"","overlay-type":"","overlay-color":"","overlay-opacity":"","overlay-gradient":""},"tablet":{"background-color":"var(--ast-global-color-5)","background-image":"","background-repeat":"repeat","background-position":"center center","background-size":"auto","background-attachment":"scroll","background-type":"","background-media":"","overlay-type":"","overlay-color":"","overlay-opacity":"","overlay-gradient":""},"mobile":{"background-color":"var(--ast-global-color-5)","background-image":"","background-repeat":"repeat","background-position":"center center","background-size":"auto","background-attachment":"scroll","background-type":"","background-media":"","overlay-type":"","overlay-color":"","overlay-opacity":"","overlay-gradient":""}}},"product_brand":[],"product_cat":[32],"product_tag":[27,28],"class_list":{"0":"post-1361","1":"product","2":"type-product","3":"status-publish","4":"has-post-thumbnail","6":"product_cat-aluminum-alloy-frame-ebike","7":"product_tag-1000w","8":"product_tag-bafang-motor","9":"desktop-align-left","10":"tablet-align-left","11":"mobile-align-left","13":"first","14":"instock","15":"shipping-taxable","16":"product-type-simple"},"jetpack_sharing_enabled":true,"_links":{"self":[{"href":"https:\/\/alienozo.com\/fr\/wp-json\/wp\/v2\/product\/1361","targetHints":{"allow":["GET"]}}],"collection":[{"href":"https:\/\/alienozo.com\/fr\/wp-json\/wp\/v2\/product"}],"about":[{"href":"https:\/\/alienozo.com\/fr\/wp-json\/wp\/v2\/types\/product"}],"replies":[{"embeddable":true,"href":"https:\/\/alienozo.com\/fr\/wp-json\/wp\/v2\/comments?post=1361"}],"wp:featuredmedia":[{"embeddable":true,"href":"https:\/\/alienozo.com\/fr\/wp-json\/wp\/v2\/media\/1362"}],"wp:attachment":[{"href":"https:\/\/alienozo.com\/fr\/wp-json\/wp\/v2\/media?parent=1361"}],"wp:term":[{"taxonomy":"product_brand","embeddable":true,"href":"https:\/\/alienozo.com\/fr\/wp-json\/wp\/v2\/product_brand?post=1361"},{"taxonomy":"product_cat","embeddable":true,"href":"https:\/\/alienozo.com\/fr\/wp-json\/wp\/v2\/product_cat?post=1361"},{"taxonomy":"product_tag","embeddable":true,"href":"https:\/\/alienozo.com\/fr\/wp-json\/wp\/v2\/product_tag?post=1361"}],"curies":[{"name":"wp","href":"https:\/\/api.w.org\/{rel}","templated":true}]}}