{"id":1357,"date":"2024-10-10T01:50:47","date_gmt":"2024-10-10T01:50:47","guid":{"rendered":"https:\/\/alienozo.com\/?post_type=product&#038;p=1357"},"modified":"2025-07-19T19:12:21","modified_gmt":"2025-07-19T19:12:21","slug":"500w-bafang-motor-carbon-fiber-enduro-suspension-ebike-%e5%a4%8d%e5%88%b6","status":"publish","type":"product","link":"https:\/\/alienozo.com\/fr\/produit\/500w-bafang-motor-carbon-fiber-enduro-suspension-ebike-%e5%a4%8d%e5%88%b6\/","title":{"rendered":"V\u00e9lo \u00e9lectrique \u00e0 suspension Enduro en Fiber de carbone, moteur Bafang 500W"},"content":{"rendered":"<body><h6>Version standard des sp\u00e9cifications pour r\u00e9f\u00e9rence, OEM est disponible, contactez-nous pour plus de d\u00e9tails.<\/h6>\n<ul>\n<li>Cadre \u00e0 double suspension en fibre de carbone 17\u2033\/19\u2033<\/li>\n<li>Fourche avant ROCKSHOX GOLD 35<\/li>\n<li>Amortisseur arri\u00e8re ROCKSHOX DLX SEL 185*55R<\/li>\n<li>Guidon en alliage d&#039;aluminium UNO<\/li>\n<li>Moteur central Bafang M560 500 W<\/li>\n<li>Affichage du Bafang C245<\/li>\n<li>Batterie au lithium 17,5 Ah<\/li>\n<li>Chargeur Bafang EU\/US<\/li>\n<li>Frein \u00e0 disque SRAM LEVEL<\/li>\n<li>SRAM SX 12 vitesses<\/li>\n<li>Cha\u00eene SRAM 12S<\/li>\n<li>Roues WTB 27,5\u2033\/29\u2033<\/li>\n<li>Pneu Schwalbe 27,5\u2033\/29\u2033<\/li>\n<li>Selle SR<\/li>\n<li>Tige de selle t\u00e9lescopique<\/li>\n<\/ul>\n<\/body>","protected":false},"excerpt":{"rendered":"<p>Standard Version of Specifications for Reference , OEM is Available , Contact for Details. Carbon Fiber 17\u2033\/19\u2033 Dual Suspension Frame ROCKSHOX GOLD 35 Front Fork ROCKSHOX DLX SEL 185*55R Rear-Shock UNO Aluminum Alloy Handlebar Bafang\u00a0 M560 500W Mid Motor Bafang C245 Display 17.5Ah Lithium Battery Bafang EU\/US charger SRAM LEVEL Disc Brake SRAM SX 12SPD [&hellip;]<\/p>\n","protected":false},"featured_media":1338,"comment_status":"open","ping_status":"closed","template":"","meta":{"om_disable_all_campaigns":false,"_surecart_dashboard_logo_width":"180px","_surecart_dashboard_show_logo":true,"_surecart_dashboard_navigation_orders":true,"_surecart_dashboard_navigation_invoices":true,"_surecart_dashboard_navigation_subscriptions":true,"_surecart_dashboard_navigation_downloads":true,"_surecart_dashboard_navigation_billing":true,"_surecart_dashboard_navigation_account":true,"site-sidebar-layout":"default","site-content-layout":"","ast-site-content-layout":"default","site-content-style":"default","site-sidebar-style":"default","ast-global-header-display":"","ast-banner-title-visibility":"","ast-main-header-display":"","ast-hfb-above-header-display":"","ast-hfb-below-header-display":"","ast-hfb-mobile-header-display":"","site-post-title":"","ast-breadcrumbs-content":"","ast-featured-img":"","footer-sml-layout":"","ast-disable-related-posts":"","theme-transparent-header-meta":"default","adv-header-id-meta":"","stick-header-meta":"","header-above-stick-meta":"","header-main-stick-meta":"","header-below-stick-meta":"","astra-migrate-meta-layouts":"set","ast-page-background-enabled":"default","ast-page-background-meta":{"desktop":{"background-color":"","background-image":"","background-repeat":"repeat","background-position":"center center","background-size":"auto","background-attachment":"scroll","background-type":"","background-media":"","overlay-type":"","overlay-color":"","overlay-opacity":"","overlay-gradient":""},"tablet":{"background-color":"","background-image":"","background-repeat":"repeat","background-position":"center center","background-size":"auto","background-attachment":"scroll","background-type":"","background-media":"","overlay-type":"","overlay-color":"","overlay-opacity":"","overlay-gradient":""},"mobile":{"background-color":"","background-image":"","background-repeat":"repeat","background-position":"center center","background-size":"auto","background-attachment":"scroll","background-type":"","background-media":"","overlay-type":"","overlay-color":"","overlay-opacity":"","overlay-gradient":""}},"ast-content-background-meta":{"desktop":{"background-color":"var(--ast-global-color-5)","background-image":"","background-repeat":"repeat","background-position":"center center","background-size":"auto","background-attachment":"scroll","background-type":"","background-media":"","overlay-type":"","overlay-color":"","overlay-opacity":"","overlay-gradient":""},"tablet":{"background-color":"var(--ast-global-color-5)","background-image":"","background-repeat":"repeat","background-position":"center center","background-size":"auto","background-attachment":"scroll","background-type":"","background-media":"","overlay-type":"","overlay-color":"","overlay-opacity":"","overlay-gradient":""},"mobile":{"background-color":"var(--ast-global-color-5)","background-image":"","background-repeat":"repeat","background-position":"center center","background-size":"auto","background-attachment":"scroll","background-type":"","background-media":"","overlay-type":"","overlay-color":"","overlay-opacity":"","overlay-gradient":""}}},"product_brand":[],"product_cat":[26],"product_tag":[29,31],"class_list":{"0":"post-1357","1":"product","2":"type-product","3":"status-publish","4":"has-post-thumbnail","6":"product_cat-carbon-frame-ebike","7":"product_tag-500w","8":"product_tag-full-suspension","9":"desktop-align-left","10":"tablet-align-left","11":"mobile-align-left","13":"first","14":"instock","15":"shipping-taxable","16":"product-type-simple"},"jetpack_sharing_enabled":true,"_links":{"self":[{"href":"https:\/\/alienozo.com\/fr\/wp-json\/wp\/v2\/product\/1357","targetHints":{"allow":["GET"]}}],"collection":[{"href":"https:\/\/alienozo.com\/fr\/wp-json\/wp\/v2\/product"}],"about":[{"href":"https:\/\/alienozo.com\/fr\/wp-json\/wp\/v2\/types\/product"}],"replies":[{"embeddable":true,"href":"https:\/\/alienozo.com\/fr\/wp-json\/wp\/v2\/comments?post=1357"}],"wp:featuredmedia":[{"embeddable":true,"href":"https:\/\/alienozo.com\/fr\/wp-json\/wp\/v2\/media\/1338"}],"wp:attachment":[{"href":"https:\/\/alienozo.com\/fr\/wp-json\/wp\/v2\/media?parent=1357"}],"wp:term":[{"taxonomy":"product_brand","embeddable":true,"href":"https:\/\/alienozo.com\/fr\/wp-json\/wp\/v2\/product_brand?post=1357"},{"taxonomy":"product_cat","embeddable":true,"href":"https:\/\/alienozo.com\/fr\/wp-json\/wp\/v2\/product_cat?post=1357"},{"taxonomy":"product_tag","embeddable":true,"href":"https:\/\/alienozo.com\/fr\/wp-json\/wp\/v2\/product_tag?post=1357"}],"curies":[{"name":"wp","href":"https:\/\/api.w.org\/{rel}","templated":true}]}}