{"id":1398,"date":"2024-10-11T03:08:46","date_gmt":"2024-10-11T03:08:46","guid":{"rendered":"https:\/\/alienozo.com\/?post_type=product&#038;p=1398"},"modified":"2025-07-12T23:59:27","modified_gmt":"2025-07-12T23:59:27","slug":"250w-gravel-road-electric-bike","status":"publish","type":"product","link":"https:\/\/alienozo.com\/de\/produkt\/250w-gravel-road-electric-bike\/","title":{"rendered":"250W Schotterstra\u00dfen-Elektrofahrrad"},"content":{"rendered":"<body><h6>Standardversion der Spezifikationen als Referenz, OEM ist verf\u00fcgbar, kontaktieren Sie uns f\u00fcr Einzelheiten.<\/h6>\n<ul>\n<li>Rahmen aus Aluminiumlegierung<\/li>\n<li>Starre Vordergabel aus Aluminiumlegierung<\/li>\n<li>Lenker aus Aluminiumlegierung mit integrierter Bremse und Schaltung<\/li>\n<li>Bofeili 36V 250W Mittelmotor<\/li>\n<li>800S Anzeige<\/li>\n<li>10,5 Ah Lithiumbatterie<\/li>\n<li>EU\/US-Ladeger\u00e4t<\/li>\n<li>R317 Scheibenbremse<\/li>\n<li>LT 11S<\/li>\n<li>KMC X11 Kette<\/li>\n<li>WTB 700C Laufr\u00e4der<\/li>\n<li>Kenda 700C Reifen<\/li>\n<li>SR Sattel<\/li>\n<\/ul>\n<\/body>","protected":false},"excerpt":{"rendered":"<p>Standard Version of Specifications for Reference , OEM is Available , Contact for Details. Aluminum Alloy Frame Aluminum Alloy Rigid Front Fork Aluminum Alloy Handlebar with brake and shifter integrated Bofeili 36V 250W Mid Motor 800S Display 10.5Ah Lithium Battery EU\/US charger R317 Disc Brake LT 11S KMC X11 Chain WTB 700C Wheels Kenda 700C [&hellip;]<\/p>\n","protected":false},"featured_media":1401,"comment_status":"open","ping_status":"closed","template":"","meta":{"om_disable_all_campaigns":false,"_surecart_dashboard_logo_width":"180px","_surecart_dashboard_show_logo":true,"_surecart_dashboard_navigation_orders":true,"_surecart_dashboard_navigation_invoices":true,"_surecart_dashboard_navigation_subscriptions":true,"_surecart_dashboard_navigation_downloads":true,"_surecart_dashboard_navigation_billing":true,"_surecart_dashboard_navigation_account":true,"site-sidebar-layout":"default","site-content-layout":"","ast-site-content-layout":"default","site-content-style":"default","site-sidebar-style":"default","ast-global-header-display":"","ast-banner-title-visibility":"","ast-main-header-display":"","ast-hfb-above-header-display":"","ast-hfb-below-header-display":"","ast-hfb-mobile-header-display":"","site-post-title":"","ast-breadcrumbs-content":"","ast-featured-img":"","footer-sml-layout":"","ast-disable-related-posts":"","theme-transparent-header-meta":"default","adv-header-id-meta":"","stick-header-meta":"","header-above-stick-meta":"","header-main-stick-meta":"","header-below-stick-meta":"","astra-migrate-meta-layouts":"set","ast-page-background-enabled":"default","ast-page-background-meta":{"desktop":{"background-color":"","background-image":"","background-repeat":"repeat","background-position":"center center","background-size":"auto","background-attachment":"scroll","background-type":"","background-media":"","overlay-type":"","overlay-color":"","overlay-opacity":"","overlay-gradient":""},"tablet":{"background-color":"","background-image":"","background-repeat":"repeat","background-position":"center center","background-size":"auto","background-attachment":"scroll","background-type":"","background-media":"","overlay-type":"","overlay-color":"","overlay-opacity":"","overlay-gradient":""},"mobile":{"background-color":"","background-image":"","background-repeat":"repeat","background-position":"center center","background-size":"auto","background-attachment":"scroll","background-type":"","background-media":"","overlay-type":"","overlay-color":"","overlay-opacity":"","overlay-gradient":""}},"ast-content-background-meta":{"desktop":{"background-color":"var(--ast-global-color-5)","background-image":"","background-repeat":"repeat","background-position":"center center","background-size":"auto","background-attachment":"scroll","background-type":"","background-media":"","overlay-type":"","overlay-color":"","overlay-opacity":"","overlay-gradient":""},"tablet":{"background-color":"var(--ast-global-color-5)","background-image":"","background-repeat":"repeat","background-position":"center center","background-size":"auto","background-attachment":"scroll","background-type":"","background-media":"","overlay-type":"","overlay-color":"","overlay-opacity":"","overlay-gradient":""},"mobile":{"background-color":"var(--ast-global-color-5)","background-image":"","background-repeat":"repeat","background-position":"center center","background-size":"auto","background-attachment":"scroll","background-type":"","background-media":"","overlay-type":"","overlay-color":"","overlay-opacity":"","overlay-gradient":""}}},"product_brand":[],"product_cat":[32],"product_tag":[30,34],"class_list":{"0":"post-1398","1":"product","2":"type-product","3":"status-publish","4":"has-post-thumbnail","6":"product_cat-aluminum-alloy-frame-ebike","7":"product_tag-250w","8":"product_tag-road-bike","9":"desktop-align-left","10":"tablet-align-left","11":"mobile-align-left","13":"first","14":"instock","15":"shipping-taxable","16":"product-type-simple"},"jetpack_sharing_enabled":true,"_links":{"self":[{"href":"https:\/\/alienozo.com\/de\/wp-json\/wp\/v2\/product\/1398","targetHints":{"allow":["GET"]}}],"collection":[{"href":"https:\/\/alienozo.com\/de\/wp-json\/wp\/v2\/product"}],"about":[{"href":"https:\/\/alienozo.com\/de\/wp-json\/wp\/v2\/types\/product"}],"replies":[{"embeddable":true,"href":"https:\/\/alienozo.com\/de\/wp-json\/wp\/v2\/comments?post=1398"}],"wp:featuredmedia":[{"embeddable":true,"href":"https:\/\/alienozo.com\/de\/wp-json\/wp\/v2\/media\/1401"}],"wp:attachment":[{"href":"https:\/\/alienozo.com\/de\/wp-json\/wp\/v2\/media?parent=1398"}],"wp:term":[{"taxonomy":"product_brand","embeddable":true,"href":"https:\/\/alienozo.com\/de\/wp-json\/wp\/v2\/product_brand?post=1398"},{"taxonomy":"product_cat","embeddable":true,"href":"https:\/\/alienozo.com\/de\/wp-json\/wp\/v2\/product_cat?post=1398"},{"taxonomy":"product_tag","embeddable":true,"href":"https:\/\/alienozo.com\/de\/wp-json\/wp\/v2\/product_tag?post=1398"}],"curies":[{"name":"wp","href":"https:\/\/api.w.org\/{rel}","templated":true}]}}